{"id":1091,"date":"2025-03-05T11:42:47","date_gmt":"2025-03-05T16:42:47","guid":{"rendered":"https:\/\/colorex.ca\/contact\/"},"modified":"2025-11-06T13:58:55","modified_gmt":"2025-11-06T18:58:55","slug":"contact","status":"publish","type":"page","link":"https:\/\/colorex.ca\/en\/contact\/","title":{"rendered":"Contact"},"content":{"rendered":"\t\t<div data-elementor-type=\"wp-page\" data-elementor-id=\"1091\" class=\"elementor elementor-1091 elementor-150\" data-elementor-post-type=\"page\">\n\t\t\t\t<div data-particle_enable=\"false\" data-particle-mobile-disabled=\"false\" class=\"elementor-element elementor-element-081e4e5 e-con-full e-flex e-con e-parent\" data-id=\"081e4e5\" data-element_type=\"container\" data-settings=\"{&quot;background_background&quot;:&quot;classic&quot;}\">\n\t\t<div data-particle_enable=\"false\" data-particle-mobile-disabled=\"false\" class=\"elementor-element elementor-element-baa0fdb e-flex e-con-boxed e-con e-child\" data-id=\"baa0fdb\" data-element_type=\"container\">\n\t\t\t\t\t<div class=\"e-con-inner\">\n\t\t\t\t<div class=\"elementor-element elementor-element-99ea2b3 elementor-widget elementor-widget-heading\" data-id=\"99ea2b3\" data-element_type=\"widget\" data-widget_type=\"heading.default\">\n\t\t\t\t<div class=\"elementor-widget-container\">\n\t\t\t\t\t<h1 class=\"elementor-heading-title elementor-size-default\">Contact<\/h1>\t\t\t\t<\/div>\n\t\t\t\t<\/div>\n\t\t<div data-particle_enable=\"false\" data-particle-mobile-disabled=\"false\" class=\"elementor-element elementor-element-60e7bae e-con-full e-flex e-con e-child\" data-id=\"60e7bae\" data-element_type=\"container\">\n\t\t<div data-particle_enable=\"false\" data-particle-mobile-disabled=\"false\" class=\"elementor-element elementor-element-f0a1695 e-con-full e-flex e-con e-child\" data-id=\"f0a1695\" data-element_type=\"container\" data-settings=\"{&quot;background_background&quot;:&quot;classic&quot;}\">\n\t\t<div data-particle_enable=\"false\" data-particle-mobile-disabled=\"false\" class=\"elementor-element elementor-element-3c9e6cb e-con-full e-flex e-con e-child\" data-id=\"3c9e6cb\" data-element_type=\"container\">\n\t\t\t\t<div class=\"elementor-element elementor-element-8b0f0ec elementor-widget elementor-widget-heading\" data-id=\"8b0f0ec\" data-element_type=\"widget\" data-widget_type=\"heading.default\">\n\t\t\t\t<div class=\"elementor-widget-container\">\n\t\t\t\t\t<h2 class=\"elementor-heading-title elementor-size-default\">Contact us<\/h2>\t\t\t\t<\/div>\n\t\t\t\t<\/div>\n\t\t\t\t<div class=\"elementor-element elementor-element-e87028f elementor-icon-list--layout-traditional elementor-list-item-link-full_width elementor-widget elementor-widget-icon-list\" data-id=\"e87028f\" data-element_type=\"widget\" data-widget_type=\"icon-list.default\">\n\t\t\t\t<div class=\"elementor-widget-container\">\n\t\t\t\t\t\t\t<ul class=\"elementor-icon-list-items\">\n\t\t\t\t\t\t\t<li class=\"elementor-icon-list-item\">\n\t\t\t\t\t\t\t\t\t\t<span class=\"elementor-icon-list-text\">623, rue Matton, Granby (QC) J2G 9S6<\/span>\n\t\t\t\t\t\t\t\t\t<\/li>\n\t\t\t\t\t\t\t\t<li class=\"elementor-icon-list-item\">\n\t\t\t\t\t\t\t\t\t\t\t<a href=\"tel:4507775565\">\n\n\t\t\t\t\t\t\t\t\t\t\t<span class=\"elementor-icon-list-text\">450 777-5565<\/span>\n\t\t\t\t\t\t\t\t\t\t\t<\/a>\n\t\t\t\t\t\t\t\t\t<\/li>\n\t\t\t\t\t\t\t\t<li class=\"elementor-icon-list-item\">\n\t\t\t\t\t\t\t\t\t\t\t<a href=\"mailto:info@colorex.ca\">\n\n\t\t\t\t\t\t\t\t\t\t\t<span class=\"elementor-icon-list-text\">info@colorex.ca<\/span>\n\t\t\t\t\t\t\t\t\t\t\t<\/a>\n\t\t\t\t\t\t\t\t\t<\/li>\n\t\t\t\t\t\t<\/ul>\n\t\t\t\t\t\t<\/div>\n\t\t\t\t<\/div>\n\t\t\t\t<div class=\"elementor-element elementor-element-54a406f elementor-widget elementor-widget-heading\" data-id=\"54a406f\" data-element_type=\"widget\" data-widget_type=\"heading.default\">\n\t\t\t\t<div class=\"elementor-widget-container\">\n\t\t\t\t\t<h2 class=\"elementor-heading-title elementor-size-default\">Social Networks<\/h2>\t\t\t\t<\/div>\n\t\t\t\t<\/div>\n\t\t\t\t<div class=\"elementor-element elementor-element-dad2bb0 elementor-shape-circle e-grid-align-left elementor-grid-0 elementor-widget elementor-widget-social-icons\" data-id=\"dad2bb0\" data-element_type=\"widget\" data-widget_type=\"social-icons.default\">\n\t\t\t\t<div class=\"elementor-widget-container\">\n\t\t\t\t\t\t\t<div class=\"elementor-social-icons-wrapper elementor-grid\" role=\"list\">\n\t\t\t\t\t\t\t<span class=\"elementor-grid-item\" role=\"listitem\">\n\t\t\t\t\t<a class=\"elementor-icon elementor-social-icon elementor-social-icon-facebook-f elementor-repeater-item-c8dc028\" target=\"_blank\">\n\t\t\t\t\t\t<span class=\"elementor-screen-only\">Facebook-f<\/span>\n\t\t\t\t\t\t<svg aria-hidden=\"true\" class=\"e-font-icon-svg e-fab-facebook-f\" viewBox=\"0 0 320 512\" xmlns=\"http:\/\/www.w3.org\/2000\/svg\"><path d=\"M279.14 288l14.22-92.66h-88.91v-60.13c0-25.35 12.42-50.06 52.24-50.06h40.42V6.26S260.43 0 225.36 0c-73.22 0-121.08 44.38-121.08 124.72v70.62H22.89V288h81.39v224h100.17V288z\"><\/path><\/svg>\t\t\t\t\t<\/a>\n\t\t\t\t<\/span>\n\t\t\t\t\t\t\t<span class=\"elementor-grid-item\" role=\"listitem\">\n\t\t\t\t\t<a class=\"elementor-icon elementor-social-icon elementor-social-icon-linkedin-in elementor-repeater-item-401a7e5\" target=\"_blank\">\n\t\t\t\t\t\t<span class=\"elementor-screen-only\">Linkedin-in<\/span>\n\t\t\t\t\t\t<svg aria-hidden=\"true\" class=\"e-font-icon-svg e-fab-linkedin-in\" viewBox=\"0 0 448 512\" xmlns=\"http:\/\/www.w3.org\/2000\/svg\"><path d=\"M100.28 448H7.4V148.9h92.88zM53.79 108.1C24.09 108.1 0 83.5 0 53.8a53.79 53.79 0 0 1 107.58 0c0 29.7-24.1 54.3-53.79 54.3zM447.9 448h-92.68V302.4c0-34.7-.7-79.2-48.29-79.2-48.29 0-55.69 37.7-55.69 76.7V448h-92.78V148.9h89.08v40.8h1.3c12.4-23.5 42.69-48.3 87.88-48.3 94 0 111.28 61.9 111.28 142.3V448z\"><\/path><\/svg>\t\t\t\t\t<\/a>\n\t\t\t\t<\/span>\n\t\t\t\t\t<\/div>\n\t\t\t\t\t\t<\/div>\n\t\t\t\t<\/div>\n\t\t\t\t<\/div>\n\t\t<div data-particle_enable=\"false\" data-particle-mobile-disabled=\"false\" class=\"elementor-element elementor-element-e9cdc6c e-con-full e-flex e-con e-child\" data-id=\"e9cdc6c\" data-element_type=\"container\" data-settings=\"{&quot;background_background&quot;:&quot;classic&quot;}\">\n\t\t\t\t<\/div>\n\t\t\t\t<\/div>\n\t\t<div data-particle_enable=\"false\" data-particle-mobile-disabled=\"false\" class=\"elementor-element elementor-element-66c4ef6 e-con-full e-flex e-con e-child\" data-id=\"66c4ef6\" data-element_type=\"container\" data-settings=\"{&quot;background_background&quot;:&quot;classic&quot;}\">\n\t\t\t\t<div class=\"elementor-element elementor-element-e35969d elementor-widget elementor-widget-heading\" data-id=\"e35969d\" data-element_type=\"widget\" data-widget_type=\"heading.default\">\n\t\t\t\t<div class=\"elementor-widget-container\">\n\t\t\t\t\t<h2 class=\"elementor-heading-title elementor-size-default\">Write to us<\/h2>\t\t\t\t<\/div>\n\t\t\t\t<\/div>\n\t\t\t\t<div class=\"elementor-element elementor-element-f748ba2 eael-gravity-form-button-custom elementor-widget elementor-widget-eael-gravity-form\" data-id=\"f748ba2\" data-element_type=\"widget\" data-widget_type=\"eael-gravity-form.default\">\n\t\t\t\t<div class=\"elementor-widget-container\">\n\t\t\t\t\t\t\t\t<div class=\"eael-contact-form eael-gravity-form labels-hide eael-contact-form-align-default\">\n\t\t        <script>\nvar gform;gform||(document.addEventListener(\"gform_main_scripts_loaded\",function(){gform.scriptsLoaded=!0}),document.addEventListener(\"gform\/theme\/scripts_loaded\",function(){gform.themeScriptsLoaded=!0}),window.addEventListener(\"DOMContentLoaded\",function(){gform.domLoaded=!0}),gform={domLoaded:!1,scriptsLoaded:!1,themeScriptsLoaded:!1,isFormEditor:()=>\"function\"==typeof InitializeEditor,callIfLoaded:function(o){return!(!gform.domLoaded||!gform.scriptsLoaded||!gform.themeScriptsLoaded&&!gform.isFormEditor()||(gform.isFormEditor()&&console.warn(\"The use of gform.initializeOnLoaded() is deprecated in the form editor context and will be removed in Gravity Forms 3.1.\"),o(),0))},initializeOnLoaded:function(o){gform.callIfLoaded(o)||(document.addEventListener(\"gform_main_scripts_loaded\",()=>{gform.scriptsLoaded=!0,gform.callIfLoaded(o)}),document.addEventListener(\"gform\/theme\/scripts_loaded\",()=>{gform.themeScriptsLoaded=!0,gform.callIfLoaded(o)}),window.addEventListener(\"DOMContentLoaded\",()=>{gform.domLoaded=!0,gform.callIfLoaded(o)}))},hooks:{action:{},filter:{}},addAction:function(o,r,e,t){gform.addHook(\"action\",o,r,e,t)},addFilter:function(o,r,e,t){gform.addHook(\"filter\",o,r,e,t)},doAction:function(o){gform.doHook(\"action\",o,arguments)},applyFilters:function(o){return gform.doHook(\"filter\",o,arguments)},removeAction:function(o,r){gform.removeHook(\"action\",o,r)},removeFilter:function(o,r,e){gform.removeHook(\"filter\",o,r,e)},addHook:function(o,r,e,t,n){null==gform.hooks[o][r]&&(gform.hooks[o][r]=[]);var d=gform.hooks[o][r];null==n&&(n=r+\"_\"+d.length),gform.hooks[o][r].push({tag:n,callable:e,priority:t=null==t?10:t})},doHook:function(r,o,e){var t;if(e=Array.prototype.slice.call(e,1),null!=gform.hooks[r][o]&&((o=gform.hooks[r][o]).sort(function(o,r){return o.priority-r.priority}),o.forEach(function(o){\"function\"!=typeof(t=o.callable)&&(t=window[t]),\"action\"==r?t.apply(null,e):e[0]=t.apply(null,e)})),\"filter\"==r)return e[0]},removeHook:function(o,r,t,n){var e;null!=gform.hooks[o][r]&&(e=(e=gform.hooks[o][r]).filter(function(o,r,e){return!!(null!=n&&n!=o.tag||null!=t&&t!=o.priority)}),gform.hooks[o][r]=e)}});\n<\/script>\n\n                <div class='gf_browser_gecko gform_wrapper gravity-theme gform-theme--no-framework gform-contact_wrapper' data-form-theme='gravity-theme' data-form-index='0' id='gform_wrapper_1' >\n                        <div class='gform_heading'>\n                            <p class='gform_description'><\/p>\n                        <\/div><form method='post' enctype='multipart\/form-data'  id='gform_1' class='gform-contact' action='\/en\/wp-json\/wp\/v2\/pages\/1091' data-formid='1' novalidate>\n                        <div class='gform-body gform_body'><div id='gform_fields_1' class='gform_fields top_label form_sublabel_above description_above validation_below'><div id=\"field_1_5\" class=\"elementor-widget-form gfield gfield--type-text gfield--input-type-text gfield--width-full field_sublabel_above gfield--no-description field_description_above field_validation_below gfield_visibility_visible elementor-field-group\"  data-field-class=\"elementor-widget-form elementor-field-group\" ><label class='gfield_label gform-field-label' for='input_1_5'>Name<\/label><div class='ginput_container ginput_container_text'><input name='input_5' id='input_1_5' type='text' value='' class=\"elementor-widget-form large elementor-field elementor-field-textual\"    placeholder='Name'  aria-invalid=\"false\"   \/><\/div><\/div><div id=\"field_1_6\" class=\"elementor-widget-form gfield gfield--type-email gfield--input-type-email gfield--width-full field_sublabel_above gfield--no-description field_description_above field_validation_below gfield_visibility_visible elementor-field-group\"  data-field-class=\"elementor-widget-form elementor-field-group\" ><label class='gfield_label gform-field-label' for='input_1_6'>E-mail<\/label><div class='ginput_container ginput_container_email'>\n                            <input name='input_6' id='input_1_6' type='email' value='' class=\"elementor-widget-form large elementor-field elementor-field-textual\"   placeholder='E-mail'  aria-invalid=\"false\"  \/>\n                        <\/div><\/div><div id=\"field_1_8\" class=\"elementor-widget-form gfield gfield--type-phone gfield--input-type-phone gfield--width-full field_sublabel_above gfield--no-description field_description_above field_validation_below gfield_visibility_visible elementor-field-group\"  data-field-class=\"elementor-widget-form elementor-field-group\" ><label class='gfield_label gform-field-label' for='input_1_8'>T\u00e9l\u00e9phone<\/label><div class='ginput_container ginput_container_phone'><input name='input_8' id='input_1_8' type='tel' value='' class=\"elementor-widget-form large elementor-field elementor-field-textual\"  placeholder='Phone'  aria-invalid=\"false\"   \/><\/div><\/div><div id=\"field_1_3\" class=\"elementor-widget-form gfield gfield--type-textarea gfield--input-type-textarea field_sublabel_above gfield--no-description field_description_above field_validation_below gfield_visibility_visible elementor-field-group\"  data-field-class=\"elementor-widget-form elementor-field-group\" ><label class='gfield_label gform-field-label' for='input_1_3'>Message<\/label><div class='ginput_container ginput_container_textarea'><textarea name='input_3' id='input_1_3' class=\"elementor-widget-form textarea medium elementor-field elementor-field-textual\"    placeholder='Message'  aria-invalid=\"false\"   rows='10' cols='50'><\/textarea><\/div><\/div><div id=\"field_1_7\" class=\"elementor-widget-form gfield gfield--type-fileupload gfield--input-type-fileupload field_sublabel_above gfield--no-description field_description_above field_validation_below gfield_visibility_visible elementor-field-group\"  data-field-class=\"elementor-widget-form elementor-field-group\" ><label class='gfield_label gform-field-label' for='gform_browse_button_1_7'>File<\/label><div class='ginput_container ginput_container_fileupload'><div id='gform_multifile_upload_1_7' data-settings='{&quot;runtimes&quot;:&quot;html5,flash,html4&quot;,&quot;browse_button&quot;:&quot;gform_browse_button_1_7&quot;,&quot;container&quot;:&quot;gform_multifile_upload_1_7&quot;,&quot;drop_element&quot;:&quot;gform_drag_drop_area_1_7&quot;,&quot;filelist&quot;:&quot;gform_preview_1_7&quot;,&quot;unique_names&quot;:true,&quot;file_data_name&quot;:&quot;file&quot;,&quot;url&quot;:&quot;https:\\\/\\\/colorex.ca\\\/en\\\/?gf_page=d4bb09d3648c807&quot;,&quot;flash_swf_url&quot;:&quot;https:\\\/\\\/colorex.ca\\\/wp-includes\\\/js\\\/plupload\\\/plupload.flash.swf&quot;,&quot;silverlight_xap_url&quot;:&quot;https:\\\/\\\/colorex.ca\\\/wp-includes\\\/js\\\/plupload\\\/plupload.silverlight.xap&quot;,&quot;filters&quot;:{&quot;mime_types&quot;:[{&quot;title&quot;:&quot;Allowed Files&quot;,&quot;extensions&quot;:&quot;jpg,png,pdf&quot;}],&quot;max_file_size&quot;:&quot;20971520b&quot;},&quot;multipart&quot;:true,&quot;urlstream_upload&quot;:false,&quot;multipart_params&quot;:{&quot;form_id&quot;:1,&quot;field_id&quot;:7,&quot;_gform_file_upload_nonce_1_7&quot;:&quot;34367adad6&quot;},&quot;gf_vars&quot;:{&quot;max_files&quot;:0,&quot;message_id&quot;:&quot;gform_multifile_messages_1_7&quot;,&quot;disallowed_extensions&quot;:[&quot;php&quot;,&quot;asp&quot;,&quot;aspx&quot;,&quot;cmd&quot;,&quot;csh&quot;,&quot;bat&quot;,&quot;html&quot;,&quot;htm&quot;,&quot;hta&quot;,&quot;jar&quot;,&quot;exe&quot;,&quot;com&quot;,&quot;js&quot;,&quot;lnk&quot;,&quot;htaccess&quot;,&quot;phar&quot;,&quot;phtml&quot;,&quot;ps1&quot;,&quot;ps2&quot;,&quot;php3&quot;,&quot;php4&quot;,&quot;php5&quot;,&quot;php6&quot;,&quot;py&quot;,&quot;rb&quot;,&quot;tmp&quot;]}}' class='gform_fileupload_multifile'>\n\t\t\t\t\t\t\t\t\t\t<div id='gform_drag_drop_area_1_7' class='gform_drop_area gform-theme-field-control'>\n\t\t\t\t\t\t\t\t\t\t\t<span class='gform_drop_instructions'>Drop files here or <\/span>\n\t\t\t\t\t\t\t\t\t\t\t<button type='button' id='gform_browse_button_1_7' class='button gform_button_select_files gform-theme-button gform-theme-button--control' aria-describedby=\"gfield_upload_rules_1_7\"  >Select files<\/button>\n\t\t\t\t\t\t\t\t\t\t<\/div>\n\t\t\t\t\t\t\t\t\t<\/div><span class='gfield_description gform_fileupload_rules' id='gfield_upload_rules_1_7'>Accepted file types: jpg, png, pdf, Max. file size: 20 MB.<\/span><ul class='validation_message--hidden-on-empty gform-ul-reset' id='gform_multifile_messages_1_7'><\/ul> <div id='gform_preview_1_7' class='ginput_preview_list'><\/div><\/div><\/div><div id=\"field_1_9\" class=\"elementor-widget-form gfield gfield--type-captcha field_sublabel_above gfield--no-description field_description_above hidden_label field_validation_below gfield_visibility_visible elementor-field-group\"  data-field-class=\"elementor-widget-form elementor-field-group\" ><label class='gfield_label gform-field-label' for='input_1_9'>Captcha<\/label><div id='input_1_9' class='ginput_container ginput_recaptcha' data-sitekey='6Le_BvkrAAAAAEnwyhUbMz4jt41BpW4MXGTBnMEa'  data-theme='light' data-tabindex='-1' data-size='invisible' data-badge='bottomright'><\/div><\/div><\/div><\/div>\n        <div class='gform-footer gform_footer top_label'> <input type='submit' id='gform_submit_button_1' class='gform_button elementor-button button' onclick='gform.submission.handleButtonClick(this);' data-submission-type='submit' value='Send'  \/> \n            <input type='hidden' class='gform_hidden' name='gform_submission_method' data-js='gform_submission_method_1' value='postback' \/>\n            <input type='hidden' class='gform_hidden' name='gform_theme' data-js='gform_theme_1' id='gform_theme_1' value='gravity-theme' \/>\n            <input type='hidden' class='gform_hidden' name='gform_style_settings' data-js='gform_style_settings_1' id='gform_style_settings_1' value='' \/>\n            <input type='hidden' class='gform_hidden' name='is_submit_1' value='1' \/>\n            <input type='hidden' class='gform_hidden' name='gform_submit' value='1' \/>\n            \n            <input type='hidden' class='gform_hidden' name='gform_currency' data-currency='CAD' value='5k0IBqyuc6lf7HrruKFCWP7vVYt53V\/Auk9\/TkEC2Jd3TEC6XxCN\/U4sQ7BRsGmdoClaszwSDS\/ATy7GHyQ6WCLk0YtmpVP42vUN3hw68MIXLjQ=' \/>\n            <input type='hidden' class='gform_hidden' name='gform_unique_id' value='' \/>\n            <input type='hidden' class='gform_hidden' name='state_1' value='WyJbXSIsImU3ZWZjZmJlMTQ1NmUzMGFkYjlkNjllMjU4M2U2ZWVhIl0=' \/>\n            <input type='hidden' autocomplete='off' class='gform_hidden' name='gform_target_page_number_1' id='gform_target_page_number_1' value='0' \/>\n            <input type='hidden' autocomplete='off' class='gform_hidden' name='gform_source_page_number_1' id='gform_source_page_number_1' value='1' \/>\n            <input type='hidden' name='gform_field_values' value='' \/>\n            <input type='hidden' name='gform_uploaded_files' id='gform_uploaded_files_1' value='' \/>\n        <\/div>\n                        <\/form>\n                        <\/div><script>\ngform.initializeOnLoaded( function() {gformInitSpinner( 1, 'https:\/\/colorex.ca\/wp-content\/plugins\/gravityforms\/images\/spinner.svg', true );jQuery('#gform_ajax_frame_1').on('load',function(){var contents = jQuery(this).contents().find('*').html();var is_postback = contents.indexOf('GF_AJAX_POSTBACK') >= 0;if(!is_postback){return;}var form_content = jQuery(this).contents().find('#gform_wrapper_1');var is_confirmation = jQuery(this).contents().find('#gform_confirmation_wrapper_1').length > 0;var is_redirect = contents.indexOf('gformRedirect(){') >= 0;var is_form = form_content.length > 0 && ! is_redirect && ! is_confirmation;var mt = parseInt(jQuery('html').css('margin-top'), 10) + parseInt(jQuery('body').css('margin-top'), 10) + 100;if(is_form){jQuery('#gform_wrapper_1').html(form_content.html());if(form_content.hasClass('gform_validation_error')){jQuery('#gform_wrapper_1').addClass('gform_validation_error');} else {jQuery('#gform_wrapper_1').removeClass('gform_validation_error');}setTimeout( function() { \/* delay the scroll by 50 milliseconds to fix a bug in chrome *\/  }, 50 );if(window['gformInitDatepicker']) {gformInitDatepicker();}if(window['gformInitPriceFields']) {gformInitPriceFields();}var current_page = jQuery('#gform_source_page_number_1').val();gformInitSpinner( 1, 'https:\/\/colorex.ca\/wp-content\/plugins\/gravityforms\/images\/spinner.svg', true );jQuery(document).trigger('gform_page_loaded', [1, current_page]);window['gf_submitting_1'] = false;}else if(!is_redirect){var confirmation_content = jQuery(this).contents().find('.GF_AJAX_POSTBACK').html();if(!confirmation_content){confirmation_content = contents;}jQuery('#gform_wrapper_1').replaceWith(confirmation_content);jQuery(document).trigger('gform_confirmation_loaded', [1]);window['gf_submitting_1'] = false;wp.a11y.speak(jQuery('#gform_confirmation_message_1').text());}else{jQuery('#gform_1').append(contents);if(window['gformRedirect']) {gformRedirect();}}jQuery(document).trigger(\"gform_pre_post_render\", [{ formId: \"1\", currentPage: \"current_page\", abort: function() { this.preventDefault(); } }]);        if (event && event.defaultPrevented) {                return;        }        const gformWrapperDiv = document.getElementById( \"gform_wrapper_1\" );        if ( gformWrapperDiv ) {            const visibilitySpan = document.createElement( \"span\" );            visibilitySpan.id = \"gform_visibility_test_1\";            gformWrapperDiv.insertAdjacentElement( \"afterend\", visibilitySpan );        }        const visibilityTestDiv = document.getElementById( \"gform_visibility_test_1\" );        let postRenderFired = false;        function triggerPostRender() {            if ( postRenderFired ) {                return;            }            postRenderFired = true;            gform.core.triggerPostRenderEvents( 1, current_page );            if ( visibilityTestDiv ) {                visibilityTestDiv.parentNode.removeChild( visibilityTestDiv );            }        }        function debounce( func, wait, immediate ) {            var timeout;            return function() {                var context = this, args = arguments;                var later = function() {                    timeout = null;                    if ( !immediate ) func.apply( context, args );                };                var callNow = immediate && !timeout;                clearTimeout( timeout );                timeout = setTimeout( later, wait );                if ( callNow ) func.apply( context, args );            };        }        const debouncedTriggerPostRender = debounce( function() {            triggerPostRender();        }, 200 );        if ( visibilityTestDiv && visibilityTestDiv.offsetParent === null ) {            const observer = new MutationObserver( ( mutations ) => {                mutations.forEach( ( mutation ) => {                    if ( mutation.type === 'attributes' && visibilityTestDiv.offsetParent !== null ) {                        debouncedTriggerPostRender();                        observer.disconnect();                    }                });            });            observer.observe( document.body, {                attributes: true,                childList: false,                subtree: true,                attributeFilter: [ 'style', 'class' ],            });        } else {            triggerPostRender();        }    } );} );\n<\/script>\n\t\t\t<\/div>\n            \t\t\t\t<\/div>\n\t\t\t\t<\/div>\n\t\t\t\t<\/div>\n\t\t\t\t<\/div>\n\t\t\t\t\t<\/div>\n\t\t\t\t<\/div>\n\t\t\t\t<\/div>\n\t\t\t\t<\/div>\n\t\t","protected":false},"excerpt":{"rendered":"<p>Contact Contact us 623, rue Matton, Granby (QC) J2G 9S6 450 777-5565 info@colorex.ca Social Networks Facebook-f Linkedin-in Write to us NomCourriel T\u00e9l\u00e9phoneMessageFichier D\u00e9posez les fichiers ici ou S\u00e9lectionnez des fichiers Types de fichiers accept\u00e9s\u00a0: jpg, png, pdf, Taille max. des fichiers\u00a0: 20 MB. Captcha<\/p>\n","protected":false},"author":1,"featured_media":0,"parent":0,"menu_order":0,"comment_status":"closed","ping_status":"closed","template":"","meta":{"_acf_changed":false,"footnotes":""},"class_list":["post-1091","page","type-page","status-publish","hentry"],"acf":[],"aioseo_notices":[],"_links":{"self":[{"href":"https:\/\/colorex.ca\/en\/wp-json\/wp\/v2\/pages\/1091","targetHints":{"allow":["GET"]}}],"collection":[{"href":"https:\/\/colorex.ca\/en\/wp-json\/wp\/v2\/pages"}],"about":[{"href":"https:\/\/colorex.ca\/en\/wp-json\/wp\/v2\/types\/page"}],"author":[{"embeddable":true,"href":"https:\/\/colorex.ca\/en\/wp-json\/wp\/v2\/users\/1"}],"replies":[{"embeddable":true,"href":"https:\/\/colorex.ca\/en\/wp-json\/wp\/v2\/comments?post=1091"}],"version-history":[{"count":0,"href":"https:\/\/colorex.ca\/en\/wp-json\/wp\/v2\/pages\/1091\/revisions"}],"wp:attachment":[{"href":"https:\/\/colorex.ca\/en\/wp-json\/wp\/v2\/media?parent=1091"}],"curies":[{"name":"wp","href":"https:\/\/api.w.org\/{rel}","templated":true}]}}